{"id":36,"date":"2021-04-08T15:44:05","date_gmt":"2021-04-08T18:44:05","guid":{"rendered":"http:\/\/tiatenda.com.br\/br\/?page_id=36"},"modified":"2021-04-09T07:23:56","modified_gmt":"2021-04-09T10:23:56","slug":"home","status":"publish","type":"page","link":"https:\/\/tiatenda.com.br\/br\/","title":{"rendered":"Home"},"content":{"rendered":"<p>[et_pb_section fb_built=&#8221;1&#8243; fullwidth=&#8221;on&#8221; _builder_version=&#8221;4.4.1&#8243;][et_pb_fullwidth_code _builder_version=&#8221;4.4.1&#8243;]<!-- [et_pb_line_break_holder] -->[\/et_pb_fullwidth_code][\/et_pb_section][et_pb_section fb_built=&#8221;1&#8243; _builder_version=&#8221;4.4.1&#8243; background_color=&#8221;#ffffff&#8221; custom_padding=&#8221;8px||2px|||&#8221;][et_pb_row column_structure=&#8221;1_2,1_2&#8243; _builder_version=&#8221;4.4.1&#8243; custom_margin=&#8221;-17px|auto||auto||&#8221;][et_pb_column type=&#8221;1_2&#8243; _builder_version=&#8221;4.4.1&#8243;][et_pb_image src=&#8221;https:\/\/tiatenda.com.br\/br\/wp-content\/uploads\/2021\/04\/bot_atendimento2.png&#8221; url=&#8221;https:\/\/tiatenda.com.br\/br\/#fale-conosco&#8221; align=&#8221;center&#8221; _builder_version=&#8221;4.4.1&#8243; width=&#8221;70%&#8221;][\/et_pb_image][\/et_pb_column][et_pb_column type=&#8221;1_2&#8243; _builder_version=&#8221;4.4.1&#8243;][et_pb_image src=&#8221;https:\/\/tiatenda.com.br\/br\/wp-content\/uploads\/2021\/04\/bot_helpdesk2.png&#8221; url=&#8221;http:\/\/cliente.tiatenda.com.br\/&#8221; url_new_window=&#8221;on&#8221; align=&#8221;center&#8221; _builder_version=&#8221;4.4.1&#8243; width=&#8221;70%&#8221;][\/et_pb_image][\/et_pb_column][\/et_pb_row][\/et_pb_section][et_pb_section fb_built=&#8221;1&#8243; module_id=&#8221;sobre-nos&#8221; _builder_version=&#8221;4.4.1&#8243; background_image=&#8221;https:\/\/tiatenda.com.br\/br\/wp-content\/uploads\/2021\/04\/background_TI-Atenda-01.jpg&#8221; custom_margin=&#8221;-3px|||||&#8221;][et_pb_row column_structure=&#8221;1_2,1_2&#8243; _builder_version=&#8221;4.4.1&#8243;][et_pb_column type=&#8221;1_2&#8243; _builder_version=&#8221;4.4.1&#8243;][et_pb_text _builder_version=&#8221;4.4.1&#8243;]<\/p>\n<h1>Sobre n\u00f3s<\/h1>\n<p>\u00c0 TI ATENDA INFORMATICA tem como principal atividade o suporte a equipamentos de inform\u00e1tica facilitando empresas que necessitam da funcionalidade di\u00e1ria e eficiente de seus microcomputadores e hardwares adicionais.<\/p>\n<p>Para tal atividade contamos com t\u00e9cnico com larga experi\u00eancia nos diversos segmentos que envolvem o dia-a-dia computacional.<\/p>\n<p>[\/et_pb_text][et_pb_text _builder_version=&#8221;4.4.1&#8243;]<\/p>\n<h1>Sobre n\u00f3s<\/h1>\n<p>\u00c0 TI ATENDA INFORMATICA tem como principal atividade o suporte a equipamentos de inform\u00e1tica facilitando empresas que necessitam da funcionalidade di\u00e1ria e eficiente de seus microcomputadores e hardwares adicionais.<\/p>\n<p>Para tal atividade contamos com t\u00e9cnico com larga experi\u00eancia nos diversos segmentos que envolvem o dia-a-dia computacional.<\/p>\n<p>[\/et_pb_text][et_pb_button button_url=&#8221;#fale-conosco&#8221; button_text=&#8221;Fale Conosco&#8221; _builder_version=&#8221;4.4.1&#8243;][\/et_pb_button][\/et_pb_column][et_pb_column type=&#8221;1_2&#8243; _builder_version=&#8221;4.4.1&#8243;][et_pb_image src=&#8221;https:\/\/tiatenda.com.br\/br\/wp-content\/uploads\/2021\/04\/marca_png_fundo-transparente.png&#8221; align=&#8221;center&#8221; _builder_version=&#8221;4.4.1&#8243; width=&#8221;57%&#8221; custom_padding=&#8221;50px||||false|false&#8221; custom_padding_tablet=&#8221;&#8221; custom_padding_phone=&#8221;0px||0px||false|false&#8221; custom_padding_last_edited=&#8221;on|phone&#8221;][\/et_pb_image][\/et_pb_column][\/et_pb_row][\/et_pb_section][et_pb_section fb_built=&#8221;1&#8243; module_id=&#8221;servicos&#8221; _builder_version=&#8221;4.4.1&#8243; custom_padding=&#8221;||16px|||&#8221;][et_pb_row _builder_version=&#8221;4.4.1&#8243;][et_pb_column type=&#8221;4_4&#8243; _builder_version=&#8221;4.4.1&#8243;][et_pb_text _builder_version=&#8221;4.4.1&#8243;]<\/p>\n<h1 style=\"text-align: center;\">Servi\u00e7os<\/h1>\n<p>[\/et_pb_text][\/et_pb_column][\/et_pb_row][et_pb_row column_structure=&#8221;1_5,1_5,1_5,1_5,1_5&#8243; _builder_version=&#8221;4.4.1&#8243; custom_margin=&#8221;|auto|15px|auto||&#8221;][et_pb_column type=&#8221;1_5&#8243; _builder_version=&#8221;4.4.1&#8243;][et_pb_image src=&#8221;https:\/\/tiatenda.com.br\/br\/wp-content\/uploads\/2021\/04\/handshake.png&#8221; align=&#8221;center&#8221; _builder_version=&#8221;4.4.1&#8243; width=&#8221;55%&#8221;][\/et_pb_image][et_pb_text _builder_version=&#8221;4.4.1&#8243;]<\/p>\n<p style=\"text-align: center;\"><strong>Consultoria no desenvolvimento e na implanta\u00e7\u00e3o de projetos de TI.<\/strong><\/p>\n<p>[\/et_pb_text][\/et_pb_column][et_pb_column type=&#8221;1_5&#8243; _builder_version=&#8221;4.4.1&#8243;][et_pb_image src=&#8221;https:\/\/tiatenda.com.br\/br\/wp-content\/uploads\/2021\/04\/wifi-router.png&#8221; align=&#8221;center&#8221; _builder_version=&#8221;4.4.1&#8243; width=&#8221;55%&#8221;][\/et_pb_image][et_pb_text _builder_version=&#8221;4.4.1&#8243;]<\/p>\n<p style=\"text-align: center;\"><strong>Projeto \/ Instala\u00e7\u00e3o de redes TCP-IP \/ Internet \/ Intranet, Roteadores e Switch.<\/strong><\/p>\n<p>[\/et_pb_text][\/et_pb_column][et_pb_column type=&#8221;1_5&#8243; _builder_version=&#8221;4.4.1&#8243;][et_pb_image src=&#8221;https:\/\/tiatenda.com.br\/br\/wp-content\/uploads\/2021\/04\/browser.png&#8221; align=&#8221;center&#8221; _builder_version=&#8221;4.4.1&#8243; width=&#8221;55%&#8221;][\/et_pb_image][et_pb_text _builder_version=&#8221;4.4.1&#8243;]<\/p>\n<p style=\"text-align: center;\"><strong>Projeto \/ Instala\u00e7\u00e3o \/ Administra\u00e7\u00e3o de redes l\u00f3gicas, servidores Microsoft\u00a0 e Linux.<\/strong><\/p>\n<p>[\/et_pb_text][\/et_pb_column][et_pb_column type=&#8221;1_5&#8243; _builder_version=&#8221;4.4.1&#8243;][et_pb_image src=&#8221;https:\/\/tiatenda.com.br\/br\/wp-content\/uploads\/2021\/04\/security-camera.png&#8221; align=&#8221;center&#8221; _builder_version=&#8221;4.4.1&#8243; width=&#8221;55%&#8221;][\/et_pb_image][et_pb_text _builder_version=&#8221;4.4.1&#8243;]<\/p>\n<p style=\"text-align: center;\"><strong>Projetos e implanta\u00e7\u00e3o de sistemas de seguran\u00e7a em CFTV<\/strong><\/p>\n<p>[\/et_pb_text][\/et_pb_column][et_pb_column type=&#8221;1_5&#8243; _builder_version=&#8221;4.4.1&#8243;][et_pb_image src=&#8221;https:\/\/tiatenda.com.br\/br\/wp-content\/uploads\/2021\/04\/data-management.png&#8221; align=&#8221;center&#8221; _builder_version=&#8221;4.4.1&#8243; width=&#8221;55%&#8221;][\/et_pb_image][et_pb_text _builder_version=&#8221;4.4.1&#8243;]<\/p>\n<p style=\"text-align: center;\"><strong>Manuten\u00e7\u00e3o preventiva \/ corretiva em notebook, desktop e Servidores.<\/strong><\/p>\n<p>[\/et_pb_text][\/et_pb_column][\/et_pb_row][et_pb_row column_structure=&#8221;1_2,1_2&#8243; _builder_version=&#8221;4.4.1&#8243;][et_pb_column type=&#8221;1_2&#8243; _builder_version=&#8221;4.4.1&#8243;][et_pb_text _builder_version=&#8221;4.4.1&#8243;]<\/p>\n<h1>N\u00edveis de suporte<\/h1>\n<ul>\n<li>Realizar manuten\u00e7\u00e3o preventiva e corretiva no hardware e softwares dos micros computadores deste \u00f3rg\u00e3o \/ empresa.<\/li>\n<li>Realizar manuten\u00e7\u00e3o preventiva e corretiva nos componentes de hardware adicionais dos referidos microcomputadores.<\/li>\n<li>Prestar suporte de rede, relacionados a problemas de software \/ cabeamento UTP dos pontos cobertos pelo contrato de presta\u00e7\u00e3o.<\/li>\n<\/ul>\n<p>[\/et_pb_text][\/et_pb_column][et_pb_column type=&#8221;1_2&#8243; _builder_version=&#8221;4.4.1&#8243;][et_pb_image src=&#8221;https:\/\/tiatenda.com.br\/br\/wp-content\/uploads\/2021\/04\/carro-tiatenda.png&#8221; align=&#8221;center&#8221; _builder_version=&#8221;4.4.1&#8243; width=&#8221;100%&#8221; scroll_horizontal_motion_enable=&#8221;on&#8221;][\/et_pb_image][\/et_pb_column][\/et_pb_row][et_pb_row column_structure=&#8221;1_5,1_5,1_5,1_5,1_5&#8243; _builder_version=&#8221;4.4.1&#8243;][et_pb_column type=&#8221;1_5&#8243; _builder_version=&#8221;4.4.1&#8243;][et_pb_image src=&#8221;https:\/\/tiatenda.com.br\/br\/wp-content\/uploads\/2021\/04\/my.png&#8221; align=&#8221;center&#8221; _builder_version=&#8221;4.4.1&#8243; filter_contrast=&#8221;0%&#8221;][\/et_pb_image][\/et_pb_column][et_pb_column type=&#8221;1_5&#8243; _builder_version=&#8221;4.4.1&#8243;][et_pb_image src=&#8221;https:\/\/tiatenda.com.br\/br\/wp-content\/uploads\/2021\/04\/Microsoft.png&#8221; align=&#8221;center&#8221; _builder_version=&#8221;4.4.1&#8243; filter_contrast=&#8221;0%&#8221;][\/et_pb_image][\/et_pb_column][et_pb_column type=&#8221;1_5&#8243; _builder_version=&#8221;4.4.1&#8243;][et_pb_image src=&#8221;https:\/\/tiatenda.com.br\/br\/wp-content\/uploads\/2021\/04\/linux.png&#8221; align=&#8221;center&#8221; _builder_version=&#8221;4.4.1&#8243; filter_contrast=&#8221;0%&#8221;][\/et_pb_image][\/et_pb_column][et_pb_column type=&#8221;1_5&#8243; _builder_version=&#8221;4.4.1&#8243;][et_pb_image src=&#8221;https:\/\/tiatenda.com.br\/br\/wp-content\/uploads\/2021\/04\/hp.png&#8221; align=&#8221;center&#8221; _builder_version=&#8221;4.4.1&#8243; filter_contrast=&#8221;0%&#8221;][\/et_pb_image][\/et_pb_column][et_pb_column type=&#8221;1_5&#8243; _builder_version=&#8221;4.4.1&#8243;][et_pb_image src=&#8221;https:\/\/tiatenda.com.br\/br\/wp-content\/uploads\/2021\/04\/dell.png&#8221; align=&#8221;center&#8221; _builder_version=&#8221;4.4.1&#8243; filter_contrast=&#8221;0%&#8221;][\/et_pb_image][\/et_pb_column][\/et_pb_row][\/et_pb_section][et_pb_section fb_built=&#8221;1&#8243; module_id=&#8221;fale-conosco&#8221; _builder_version=&#8221;4.4.1&#8243; background_color=&#8221;#1c1c1c&#8221;][et_pb_row column_structure=&#8221;1_4,1_2,1_4&#8243; _builder_version=&#8221;4.4.1&#8243; custom_padding=&#8221;||6px|||&#8221;][et_pb_column type=&#8221;1_4&#8243; _builder_version=&#8221;4.4.1&#8243;][\/et_pb_column][et_pb_column type=&#8221;1_2&#8243; _builder_version=&#8221;4.4.1&#8243;][et_pb_text _builder_version=&#8221;4.4.1&#8243;]<\/p>\n<h1 style=\"text-align: center;\">Fale Conosco<\/h1>\n<p style=\"text-align: center;\"><span style=\"color: #ffffff;\">Precisa entrar em contato com a Ti Atende?<\/span><br \/><span style=\"color: #ffffff;\">Nesta p\u00e1gina voc\u00ea tem acesso direto com a empresa!\u00a0Entre em contato conosco.<\/span><\/p>\n<p>[\/et_pb_text][et_pb_code _builder_version=&#8221;4.4.1&#8243; background_color=&#8221;#ffffff&#8221; custom_padding=&#8221;20px|20px|10px|20px|false|false&#8221; border_radii=&#8221;on|30px|30px|30px|30px&#8221;]<div class=\"wpforms-container wpforms-container-full\" id=\"wpforms-72\"><form id=\"wpforms-form-72\" class=\"wpforms-validate wpforms-form\" data-formid=\"72\" method=\"post\" enctype=\"multipart\/form-data\" action=\"\/br\/index.php\/wp-json\/wp\/v2\/pages\/36\" data-token=\"16e2d6e6007705c78b3c5a7719ce3162\"><noscript class=\"wpforms-error-noscript\">Ative o JavaScript no seu navegador para preencher este formul\u00e1rio.<\/noscript><div class=\"wpforms-field-container\"><div id=\"wpforms-72-field_2-container\" class=\"wpforms-field wpforms-field-name\" data-field-id=\"2\"><label class=\"wpforms-field-label\" for=\"wpforms-72-field_2\">Nome <span class=\"wpforms-required-label\">*<\/span><\/label><div class=\"wpforms-field-row wpforms-field-large\"><div class=\"wpforms-field-row-block wpforms-first wpforms-one-half\"><input type=\"text\" id=\"wpforms-72-field_2\" class=\"wpforms-field-name-first wpforms-field-required\" name=\"wpforms[fields][2][first]\" required><label for=\"wpforms-72-field_2\" class=\"wpforms-field-sublabel after \">Nome<\/label><\/div><div class=\"wpforms-field-row-block wpforms-one-half\"><input type=\"text\" id=\"wpforms-72-field_2-last\" class=\"wpforms-field-name-last wpforms-field-required\" name=\"wpforms[fields][2][last]\" required><label for=\"wpforms-72-field_2-last\" class=\"wpforms-field-sublabel after \">Sobrenome<\/label><\/div><\/div><\/div><div id=\"wpforms-72-field_1-container\" class=\"wpforms-field wpforms-field-text\" data-field-id=\"1\"><label class=\"wpforms-field-label\" for=\"wpforms-72-field_1\">Telefone <span class=\"wpforms-required-label\">*<\/span><\/label><input type=\"text\" id=\"wpforms-72-field_1\" class=\"wpforms-field-large wpforms-field-required wpforms-masked-input\" data-inputmask-mask=\"(99) 99999-9999\" data-rule-empty-blanks=\"1\" name=\"wpforms[fields][1]\" required><\/div><div id=\"wpforms-72-field_3-container\" class=\"wpforms-field wpforms-field-email\" data-field-id=\"3\"><label class=\"wpforms-field-label\" for=\"wpforms-72-field_3\">E-mail<\/label><input type=\"email\" id=\"wpforms-72-field_3\" class=\"wpforms-field-large\" name=\"wpforms[fields][3]\" ><\/div><div id=\"wpforms-72-field_4-container\" class=\"wpforms-field wpforms-field-textarea\" data-field-id=\"4\"><label class=\"wpforms-field-label\" for=\"wpforms-72-field_4\">Mensagem <span class=\"wpforms-required-label\">*<\/span><\/label><textarea id=\"wpforms-72-field_4\" class=\"wpforms-field-medium wpforms-field-required\" name=\"wpforms[fields][4]\" required><\/textarea><\/div><\/div><div class=\"wpforms-submit-container\"><input type=\"hidden\" name=\"wpforms[id]\" value=\"72\"><input type=\"hidden\" name=\"wpforms[author]\" value=\"1\"><button type=\"submit\" name=\"wpforms[submit]\" id=\"wpforms-submit-72\" class=\"wpforms-submit\" data-alt-text=\"Enviando...\" data-submit-text=\"Enviar\" aria-live=\"assertive\" value=\"wpforms-submit\">Enviar<\/button><\/div><\/form><\/div>  <!-- .wpforms-container -->[\/et_pb_code][\/et_pb_column][et_pb_column type=&#8221;1_4&#8243; _builder_version=&#8221;4.4.1&#8243;][et_pb_text _builder_version=&#8221;4.4.1&#8243; custom_padding=&#8221;||44px|||&#8221;]<\/p>\n<p><span style=\"color: #ffffff;\"><strong>Email:<\/strong> <br \/>suporte@tiatenda.com.br<\/span><br \/><span style=\"color: #ffffff;\"><strong><br \/>Telefone:<br \/><\/strong> <span style=\"font-size: large;\"><strong>31 2571- 1765<\/strong><\/span><\/span><\/p>\n<p>[\/et_pb_text][\/et_pb_column][\/et_pb_row][\/et_pb_section]<\/p>\n","protected":false},"excerpt":{"rendered":"<p>[et_pb_section fb_built=&#8221;1&#8243; fullwidth=&#8221;on&#8221; _builder_version=&#8221;4.4.1&#8243;][et_pb_fullwidth_code _builder_version=&#8221;4.4.1&#8243;][\/et_pb_fullwidth_code][\/et_pb_section][et_pb_section fb_built=&#8221;1&#8243; _builder_version=&#8221;4.4.1&#8243; background_color=&#8221;#ffffff&#8221; custom_padding=&#8221;8px||2px|||&#8221;][et_pb_row column_structure=&#8221;1_2,1_2&#8243; _builder_version=&#8221;4.4.1&#8243; custom_margin=&#8221;-17px|auto||auto||&#8221;][et_pb_column type=&#8221;1_2&#8243; _builder_version=&#8221;4.4.1&#8243;][et_pb_image src=&#8221;https:\/\/tiatenda.com.br\/br\/wp-content\/uploads\/2021\/04\/bot_atendimento2.png&#8221; url=&#8221;https:\/\/tiatenda.com.br\/br\/#fale-conosco&#8221; align=&#8221;center&#8221; _builder_version=&#8221;4.4.1&#8243; width=&#8221;70%&#8221;][\/et_pb_image][\/et_pb_column][et_pb_column type=&#8221;1_2&#8243; _builder_version=&#8221;4.4.1&#8243;][et_pb_image src=&#8221;https:\/\/tiatenda.com.br\/br\/wp-content\/uploads\/2021\/04\/bot_helpdesk2.png&#8221; url=&#8221;http:\/\/cliente.tiatenda.com.br\/&#8221; url_new_window=&#8221;on&#8221; align=&#8221;center&#8221; _builder_version=&#8221;4.4.1&#8243; width=&#8221;70%&#8221;][\/et_pb_image][\/et_pb_column][\/et_pb_row][\/et_pb_section][et_pb_section fb_built=&#8221;1&#8243; module_id=&#8221;sobre-nos&#8221; _builder_version=&#8221;4.4.1&#8243; background_image=&#8221;https:\/\/tiatenda.com.br\/br\/wp-content\/uploads\/2021\/04\/background_TI-Atenda-01.jpg&#8221; custom_margin=&#8221;-3px|||||&#8221;][et_pb_row column_structure=&#8221;1_2,1_2&#8243; _builder_version=&#8221;4.4.1&#8243;][et_pb_column type=&#8221;1_2&#8243; _builder_version=&#8221;4.4.1&#8243;][et_pb_text _builder_version=&#8221;4.4.1&#8243;] Sobre n\u00f3s \u00c0 TI ATENDA INFORMATICA tem como principal atividade o suporte a equipamentos de inform\u00e1tica facilitando empresas [&hellip;]<\/p>\n","protected":false},"author":1,"featured_media":0,"parent":0,"menu_order":0,"comment_status":"closed","ping_status":"closed","template":"","meta":{"_et_pb_use_builder":"on","_et_pb_old_content":"","_et_gb_content_width":"","footnotes":""},"class_list":["post-36","page","type-page","status-publish","hentry"],"_links":{"self":[{"href":"https:\/\/tiatenda.com.br\/br\/index.php\/wp-json\/wp\/v2\/pages\/36","targetHints":{"allow":["GET"]}}],"collection":[{"href":"https:\/\/tiatenda.com.br\/br\/index.php\/wp-json\/wp\/v2\/pages"}],"about":[{"href":"https:\/\/tiatenda.com.br\/br\/index.php\/wp-json\/wp\/v2\/types\/page"}],"author":[{"embeddable":true,"href":"https:\/\/tiatenda.com.br\/br\/index.php\/wp-json\/wp\/v2\/users\/1"}],"replies":[{"embeddable":true,"href":"https:\/\/tiatenda.com.br\/br\/index.php\/wp-json\/wp\/v2\/comments?post=36"}],"version-history":[{"count":25,"href":"https:\/\/tiatenda.com.br\/br\/index.php\/wp-json\/wp\/v2\/pages\/36\/revisions"}],"predecessor-version":[{"id":128,"href":"https:\/\/tiatenda.com.br\/br\/index.php\/wp-json\/wp\/v2\/pages\/36\/revisions\/128"}],"wp:attachment":[{"href":"https:\/\/tiatenda.com.br\/br\/index.php\/wp-json\/wp\/v2\/media?parent=36"}],"curies":[{"name":"wp","href":"https:\/\/api.w.org\/{rel}","templated":true}]}}